{"id":99,"date":"2025-06-02T21:29:21","date_gmt":"2025-06-02T21:29:21","guid":{"rendered":"https:\/\/pablojimeno.es\/?page_id=99"},"modified":"2025-06-02T23:13:33","modified_gmt":"2025-06-02T23:13:33","slug":"minero","status":"publish","type":"page","link":"https:\/\/pablojimeno.es\/index.php\/minero\/","title":{"rendered":"MINERO"},"content":{"rendered":"\n<p>En la ciudad minera de gran altitud de Potos\u00ed (Bolivia) tres hombres en diferentes etapas de la vida se adentran cada d\u00eda en la misma monta\u00f1a, arriesg\u00e1ndolo todo por una paga a corto plazo y unos sue\u00f1os olvidados hace mucho tiempo.<br>Minero es un documental sobre el trabajo, la fe y la silenciosa trampa de la supervivencia econ\u00f3mica en el interior de una de las minas de mayor altitud del mundo.<\/p>\n\n\n\n<p><\/p>\n\n\n\n<p>Potos\u00ed, Bolivia. Una de las ciudades m\u00e1s altas de la Tierra. Aire fr\u00edo. Poco ox\u00edgeno. Una monta\u00f1a minada desde hace m\u00e1s de quinientos a\u00f1os.<br>Dentro de esa monta\u00f1a, los hombres siguen yendo a trabajar todos los d\u00edas. Se arrastran por t\u00faneles estrechos y oscuros con linternas frontales y dinamita. Perforan, explotan, palean y transportan. Algunos creen que el diablo vive en la mina. Le dejan ofrendas -cigarrillos, hojas de coca, alcohol- a cambio de protecci\u00f3n. La mayor\u00eda s\u00f3lo espera salir de una pieza.<\/p>\n\n\n\n<p>Seguimos a tres mineros. Un adolescente, que acaba de empezar, que dice que s\u00f3lo est\u00e1 all\u00ed para ahorrar dinero para la facultad de odontolog\u00eda. Un hombre en la treintena, que una vez dijo lo mismo, pero se qued\u00f3 &#8211; porque el dinero era demasiado bueno para dejarlo, y no lo suficientemente bueno para irse. Un veterano, orgulloso y firme, que ha pasado la mayor parte de su vida en la mina y dice que morir\u00e1 all\u00ed.<\/p>\n\n\n\n<p>Esta es una historia sobre el trabajo. Sobre lo que hace la gente cuando las opciones son pocas. No es ruidosa. No es dram\u00e1tica. Es el tipo de trampa silenciosa que se construye lentamente -d\u00eda a d\u00eda, a\u00f1o a a\u00f1o- hasta que se convierte en vida.<\/p>\n\n\n\n<p>Minero trata de la distancia entre la intenci\u00f3n y la realidad, de lo que ocurre cuando las decisiones a corto plazo se convierten en vidas permanentes. No es una pel\u00edcula sobre la plata o la superstici\u00f3n.<\/p>\n\n\n\n<p>Trata sobre el trabajo, las creencias y los sistemas que moldean la vida de las personas cuando, para empezar, no hay muchas opciones.<\/p>\n","protected":false},"excerpt":{"rendered":"<p>En la ciudad minera de gran altitud de Potos\u00ed (Bolivia) tres hombres en diferentes etapas de la vida se adentran cada d\u00eda en la misma monta\u00f1a, arriesg\u00e1ndolo todo por una<\/p>\n<p class=\"more-link\"><a href=\"https:\/\/pablojimeno.es\/index.php\/minero\/\" class=\"readmore\">Seguir leyendo&#8230;<span class=\"screen-reader-text\">MINERO<\/span><\/a><\/p>\n","protected":false},"author":1,"featured_media":0,"parent":0,"menu_order":0,"comment_status":"closed","ping_status":"closed","template":"","meta":{"footnotes":""},"class_list":["post-99","page","type-page","status-publish","hentry"],"_links":{"self":[{"href":"https:\/\/pablojimeno.es\/index.php\/wp-json\/wp\/v2\/pages\/99","targetHints":{"allow":["GET"]}}],"collection":[{"href":"https:\/\/pablojimeno.es\/index.php\/wp-json\/wp\/v2\/pages"}],"about":[{"href":"https:\/\/pablojimeno.es\/index.php\/wp-json\/wp\/v2\/types\/page"}],"author":[{"embeddable":true,"href":"https:\/\/pablojimeno.es\/index.php\/wp-json\/wp\/v2\/users\/1"}],"replies":[{"embeddable":true,"href":"https:\/\/pablojimeno.es\/index.php\/wp-json\/wp\/v2\/comments?post=99"}],"version-history":[{"count":2,"href":"https:\/\/pablojimeno.es\/index.php\/wp-json\/wp\/v2\/pages\/99\/revisions"}],"predecessor-version":[{"id":153,"href":"https:\/\/pablojimeno.es\/index.php\/wp-json\/wp\/v2\/pages\/99\/revisions\/153"}],"wp:attachment":[{"href":"https:\/\/pablojimeno.es\/index.php\/wp-json\/wp\/v2\/media?parent=99"}],"curies":[{"name":"wp","href":"https:\/\/api.w.org\/{rel}","templated":true}]}}