{"id":98,"date":"2025-06-02T21:29:21","date_gmt":"2025-06-02T21:29:21","guid":{"rendered":"https:\/\/pablojimeno.es\/?page_id=98"},"modified":"2025-06-02T22:28:05","modified_gmt":"2025-06-02T22:28:05","slug":"wasted-youth","status":"publish","type":"page","link":"https:\/\/pablojimeno.es\/index.php\/wasted-youth\/","title":{"rendered":"WASTED YOUTH"},"content":{"rendered":"\n<p>&#8216;Wasted Youth&#8217; es un largometraje documental sobre un viaje de 4 a\u00f1os de autodescubrimiento y aventura surfera desde Los \u00c1ngeles hasta \u00abel fin del mundo\u00bb, Tierra del Fuego, Argentina.<\/p>\n\n\n\n<figure class=\"wp-block-embed is-type-video is-provider-vimeo wp-block-embed-vimeo wp-embed-aspect-18-9 wp-has-aspect-ratio\"><div class=\"wp-block-embed__wrapper\">\n<iframe title=\"WASTED YOUTH - TEASER\" src=\"https:\/\/player.vimeo.com\/video\/1089893684?dnt=1&amp;app_id=122963\" width=\"920\" height=\"449\" frameborder=\"0\" allow=\"autoplay; fullscreen; picture-in-picture; clipboard-write; encrypted-media\"><\/iframe>\n<\/div><\/figure>\n\n\n\n<p>964 d\u00edas, 67.000 km, 15 pa\u00edses.<\/p>\n\n\n\n<p>Aidan Doyle (<a href=\"https:\/\/www.instagram.com\/aidan__doyle\/\">@aidan__doyle<\/a>) recorri\u00f3 la legendaria Carretera Panamericana, pero su viaje fue mucho m\u00e1s que n\u00fameros.<\/p>\n\n\n\n<p>El 14 de septiembre de 2024 conoc\u00ed a Aidan en una fiesta en El Cuartel de Lobitos.<\/p>\n\n\n\n<p>Hab\u00eda estado bajando con su coche desde Estados Unidos, siguiendo la carretera Panamericana y visitando todos los pa\u00edses que hab\u00eda en el camino durante los \u00faltimos tres a\u00f1os.<\/p>\n\n\n\n<p>Ayer, 25 de enero de 2025, m\u00e1s de cuatro meses despu\u00e9s, lleg\u00e1bamos a Ushuaia.<\/p>\n\n\n\n<p>Los \u00faltimos cuatro meses he tenido la suerte de participar no s\u00f3lo de este proyecto de viaje suyo tan incre\u00edble que acaba de llegar a su fin, sino que tambi\u00e9n de este proyecto documental que inici\u00f3 con su hermano&nbsp;<a href=\"https:\/\/www.instagram.com\/kevandoyle_\/\">@kevandoyle_<\/a>&nbsp;y del que ahora puedo sentirme orgulloso de formar parte.<\/p>\n","protected":false},"excerpt":{"rendered":"<p>&#8216;Wasted Youth&#8217; es un largometraje documental sobre un viaje de 4 a\u00f1os de autodescubrimiento y aventura surfera desde Los \u00c1ngeles hasta \u00abel fin del mundo\u00bb, Tierra del Fuego, Argentina. 964<\/p>\n<p class=\"more-link\"><a href=\"https:\/\/pablojimeno.es\/index.php\/wasted-youth\/\" class=\"readmore\">Seguir leyendo&#8230;<span class=\"screen-reader-text\">WASTED YOUTH<\/span><\/a><\/p>\n","protected":false},"author":1,"featured_media":0,"parent":0,"menu_order":0,"comment_status":"closed","ping_status":"closed","template":"","meta":{"footnotes":""},"class_list":["post-98","page","type-page","status-publish","hentry"],"_links":{"self":[{"href":"https:\/\/pablojimeno.es\/index.php\/wp-json\/wp\/v2\/pages\/98","targetHints":{"allow":["GET"]}}],"collection":[{"href":"https:\/\/pablojimeno.es\/index.php\/wp-json\/wp\/v2\/pages"}],"about":[{"href":"https:\/\/pablojimeno.es\/index.php\/wp-json\/wp\/v2\/types\/page"}],"author":[{"embeddable":true,"href":"https:\/\/pablojimeno.es\/index.php\/wp-json\/wp\/v2\/users\/1"}],"replies":[{"embeddable":true,"href":"https:\/\/pablojimeno.es\/index.php\/wp-json\/wp\/v2\/comments?post=98"}],"version-history":[{"count":2,"href":"https:\/\/pablojimeno.es\/index.php\/wp-json\/wp\/v2\/pages\/98\/revisions"}],"predecessor-version":[{"id":149,"href":"https:\/\/pablojimeno.es\/index.php\/wp-json\/wp\/v2\/pages\/98\/revisions\/149"}],"wp:attachment":[{"href":"https:\/\/pablojimeno.es\/index.php\/wp-json\/wp\/v2\/media?parent=98"}],"curies":[{"name":"wp","href":"https:\/\/api.w.org\/{rel}","templated":true}]}}